{"id":135,"date":"2019-02-23T13:59:42","date_gmt":"2019-02-23T12:59:42","guid":{"rendered":"http:\/\/koehntopp.net\/?page_id=135"},"modified":"2024-03-06T12:49:55","modified_gmt":"2024-03-06T11:49:55","slug":"impressum-disclaimer","status":"publish","type":"page","link":"https:\/\/koehntopp.net\/?page_id=135","title":{"rendered":"Impressum\/Disclaimer"},"content":{"rendered":"\n<p class=\"has-medium-font-size\"><strong>Angaben&nbsp;gem\u00e4\u00df&nbsp;\u00a7 5 TMG<\/strong><\/p>\n\n\n\n<p>Wolfram&nbsp;K\u00f6hntopp<\/p>\n\n\n\n<p>Altes&nbsp;M\u00fchlenfeld&nbsp;28<\/p>\n\n\n\n<p>38550&nbsp;Isenb\u00fcttel<\/p>\n\n\n\n<p class=\"has-medium-font-size\"><strong>Kontakt<\/strong><\/p>\n\n\n\n<p>Telefon: +49 170 3213826<\/p>\n\n\n\n<p>E-Mail: webmaster@koehntopp.net<\/p>\n\n\n\n<p class=\"has-medium-font-size\"><strong>Haftung&nbsp;f\u00fcr&nbsp;Inhalte<\/strong><\/p>\n\n\n\n<p>Als&nbsp;Diensteanbieter&nbsp;sind wir&nbsp;gem\u00e4\u00df&nbsp;\u00a7 7 Abs.1 TMG&nbsp;f\u00fcr&nbsp;eigene Inhalte auf diesen Seiten nach den allgemeinen Gesetzen verantwortlich. Nach \u00a7\u00a7 8 bis 10 TMG sind wir als&nbsp;Diensteanbieter&nbsp;jedoch nicht verpflichtet,&nbsp;\u00fcbermittelte&nbsp;oder gespeicherte fremde Informationen zu&nbsp;\u00fcberwachen&nbsp;oder nach&nbsp;Umst\u00e4nden&nbsp;zu forschen, die auf eine rechtswidrige&nbsp;T\u00e4tigkeit&nbsp;hinweisen.<\/p>\n\n\n\n<p>Verpflichtungen zur Entfernung oder Sperrung der Nutzung von Informationen nach den allgemeinen Gesetzen bleiben hiervon&nbsp;unber\u00fchrt. Eine&nbsp;diesbez\u00fcgliche&nbsp;Haftung ist jedoch erst ab dem Zeitpunkt der Kenntnis einer konkreten Rechtsverletzung&nbsp;m\u00f6glich. Bei Bekanntwerden von entsprechenden Rechtsverletzungen werden wir diese Inhalte umgehend entfernen.<\/p>\n\n\n\n<p class=\"has-medium-font-size\"><strong>Haftung&nbsp;f\u00fcr&nbsp;Links<\/strong><\/p>\n\n\n\n<p>Unser Angebot&nbsp;enth\u00e4lt&nbsp;Links zu externen Websites Dritter, auf deren Inhalte wir keinen Einfluss haben. Deshalb&nbsp;k\u00f6nnen&nbsp;wir&nbsp;f\u00fcr&nbsp;diese fremden Inhalte auch keine&nbsp;Gew\u00e4hr&nbsp;\u00fcbernehmen.&nbsp;F\u00fcr&nbsp;die Inhalte der verlinkten Seiten ist stets der jeweilige Anbieter oder Betreiber der Seiten verantwortlich. Die verlinkten Seiten wurden zum Zeitpunkt der Verlinkung auf&nbsp;m\u00f6gliche&nbsp;Rechtsverst\u00f6\u00dfe&nbsp;\u00fcberpr\u00fcft. Rechtswidrige Inhalte waren zum Zeitpunkt der Verlinkung nicht erkennbar.<\/p>\n\n\n\n<p>Eine permanente inhaltliche Kontrolle der verlinkten Seiten ist jedoch ohne konkrete Anhaltspunkte einer Rechtsverletzung nicht zumutbar. Bei Bekanntwerden von Rechtsverletzungen werden wir derartige Links umgehend entfernen.<\/p>\n\n\n\n<p class=\"has-medium-font-size\"><strong>Urheberrecht<\/strong><\/p>\n\n\n\n<p>Die durch die Seitenbetreiber erstellten Inhalte und Werke auf diesen Seiten unterliegen dem deutschen Urheberrecht. Die&nbsp;Vervielf\u00e4ltigung, Bearbeitung, Verbreitung und jede Art der Verwertung au\u00dferhalb der Grenzen des Urheberrechtes&nbsp;bed\u00fcrfen&nbsp;der schriftlichen Zustimmung des jeweiligen Autors bzw. Erstellers. Downloads und Kopien dieser Seite sind nur&nbsp;f\u00fcr&nbsp;den privaten, nicht kommerziellen Gebrauch gestattet.<\/p>\n\n\n\n<p>Soweit die Inhalte auf dieser Seite nicht vom Betreiber erstellt wurden, werden die Urheberrechte Dritter beachtet. Insbesondere werden Inhalte Dritter als solche gekennzeichnet. Sollten Sie trotzdem auf eine Urheberrechtsverletzung aufmerksam werden, bitten wir um einen entsprechenden Hinweis. Bei Bekanntwerden von Rechtsverletzungen werden wir derartige Inhalte umgehend entfernen.<\/p>\n","protected":false},"excerpt":{"rendered":"<p>Angaben&nbsp;gem\u00e4\u00df&nbsp;\u00a7 5 TMG Wolfram&nbsp;K\u00f6hntopp Altes&nbsp;M\u00fchlenfeld&nbsp;28 38550&nbsp;Isenb\u00fcttel Kontakt Telefon: +49 170 3213826 E-Mail: webmaster@koehntopp.net Haftung&nbsp;f\u00fcr&nbsp;Inhalte Als&nbsp;Diensteanbieter&nbsp;sind wir&nbsp;gem\u00e4\u00df&nbsp;\u00a7 7 Abs.1 TMG&nbsp;f\u00fcr&nbsp;eigene Inhalte auf diesen Seiten nach den allgemeinen Gesetzen verantwortlich. Nach \u00a7\u00a7 8 bis 10 TMG sind wir als&nbsp;Diensteanbieter&nbsp;jedoch nicht verpflichtet,&nbsp;\u00fcbermittelte&nbsp;oder gespeicherte fremde Informationen zu&nbsp;\u00fcberwachen&nbsp;oder nach&nbsp;Umst\u00e4nden&nbsp;zu forschen, die auf eine rechtswidrige&nbsp;T\u00e4tigkeit&nbsp;hinweisen. Verpflichtungen zur Entfernung oder Sperrung der [&hellip;]<\/p>\n","protected":false},"author":1,"featured_media":0,"parent":0,"menu_order":8,"comment_status":"closed","ping_status":"closed","template":"","meta":{"jetpack_post_was_ever_published":false,"footnotes":""},"class_list":["post-135","page","type-page","status-publish","hentry"],"jetpack_sharing_enabled":true,"_links":{"self":[{"href":"https:\/\/koehntopp.net\/index.php?rest_route=\/wp\/v2\/pages\/135","targetHints":{"allow":["GET"]}}],"collection":[{"href":"https:\/\/koehntopp.net\/index.php?rest_route=\/wp\/v2\/pages"}],"about":[{"href":"https:\/\/koehntopp.net\/index.php?rest_route=\/wp\/v2\/types\/page"}],"author":[{"embeddable":true,"href":"https:\/\/koehntopp.net\/index.php?rest_route=\/wp\/v2\/users\/1"}],"replies":[{"embeddable":true,"href":"https:\/\/koehntopp.net\/index.php?rest_route=%2Fwp%2Fv2%2Fcomments&post=135"}],"version-history":[{"count":5,"href":"https:\/\/koehntopp.net\/index.php?rest_route=\/wp\/v2\/pages\/135\/revisions"}],"predecessor-version":[{"id":349,"href":"https:\/\/koehntopp.net\/index.php?rest_route=\/wp\/v2\/pages\/135\/revisions\/349"}],"wp:attachment":[{"href":"https:\/\/koehntopp.net\/index.php?rest_route=%2Fwp%2Fv2%2Fmedia&parent=135"}],"curies":[{"name":"wp","href":"https:\/\/api.w.org\/{rel}","templated":true}]}}