{"id":132,"date":"2019-02-23T13:54:06","date_gmt":"2019-02-23T12:54:06","guid":{"rendered":"http:\/\/koehntopp.net\/?page_id=132"},"modified":"2024-03-06T12:50:47","modified_gmt":"2024-03-06T11:50:47","slug":"datenschutz","status":"publish","type":"page","link":"https:\/\/koehntopp.net\/?page_id=132","title":{"rendered":"Datenschutz"},"content":{"rendered":"\n<p style=\"font-size:26px\"><strong>1. Datenschutz auf einen Blick&nbsp;<\/strong><\/p>\n\n\n\n<p class=\"has-medium-font-size\"><strong>Allgemeine Hinweise<\/strong><\/p>\n\n\n\n<p>Die folgenden Hinweise geben einen einfachen&nbsp;\u00dcberblick&nbsp;dar\u00fcber, was mit Ihren personenbezogenen Daten passiert, wenn Sie unsere Website besuchen. Personenbezogene Daten sind alle Daten, mit denen Sie&nbsp;pers\u00f6nlich&nbsp;identifiziert werden&nbsp;k\u00f6nnen.&nbsp;Ausf\u00fchrliche&nbsp;Informationen zum Thema Datenschutz entnehmen Sie unserer unter diesem Text&nbsp;aufgef\u00fchrten&nbsp;Datenschutzerkl\u00e4rung.<\/p>\n\n\n\n<p class=\"has-medium-font-size\"><strong>Datenerfassung auf unserer Website<\/strong><\/p>\n\n\n\n<p><strong>Wer ist verantwortlich&nbsp;f\u00fcr&nbsp;die Datenerfassung auf dieser Website?<\/strong><\/p>\n\n\n\n<p>Die Datenverarbeitung auf dieser Website erfolgt durch den Websitebetreiber. Dessen Kontaktdaten&nbsp;k\u00f6nnen&nbsp;Sie dem Impressum dieser Website entnehmen.<\/p>\n\n\n\n<p><strong>Wie erfassen wir Ihre Daten?<\/strong><\/p>\n\n\n\n<p>Ihre Daten werden zum einen dadurch erhoben, dass Sie uns diese mitteilen. Hierbei kann es sich z.B. um Daten handeln, die Sie in ein Kontaktformular eingeben.<\/p>\n\n\n\n<p>Andere Daten werden automatisch beim Besuch der Website durch unsere IT-Systeme erfasst. Das sind vor allem technische Daten (z.B. Internetbrowser, Betriebssystem oder Uhrzeit des Seitenaufrufs). Die Erfassung dieser Daten erfolgt automatisch, sobald Sie unsere Website betreten.<\/p>\n\n\n\n<p><strong>Wof\u00fcr<\/strong><strong>&nbsp;nutzen wir Ihre Daten?<\/strong><\/p>\n\n\n\n<p>Ein Teil der Daten wird erhoben, um eine fehlerfreie Bereitstellung der Website zu&nbsp;gew\u00e4hrleisten. Andere Daten&nbsp;k\u00f6nnen&nbsp;zur Analyse Ihres Nutzerverhaltens verwendet werden.<\/p>\n\n\n\n<p><strong>Welche Rechte haben Sie&nbsp;bez\u00fcglich&nbsp;Ihrer Daten?<\/strong><\/p>\n\n\n\n<p>Sie haben jederzeit das Recht unentgeltlich Auskunft&nbsp;\u00fcber&nbsp;Herkunft,&nbsp;Empf\u00e4nger&nbsp;und Zweck Ihrer gespeicherten personenbezogenen Daten zu erhalten. Sie haben au\u00dferdem ein Recht, die Berichtigung, Sperrung oder&nbsp;L\u00f6schung&nbsp;dieser Daten zu verlangen. Hierzu sowie zu weiteren Fragen zum Thema Datenschutz&nbsp;k\u00f6nnen&nbsp;Sie sich jederzeit unter der im Impressum angegebenen Adresse an uns wenden. Des Weiteren steht Ihnen ein Beschwerderecht bei der&nbsp;zust\u00e4ndigen&nbsp;Aufsichtsbeh\u00f6rde&nbsp;zu.<\/p>\n\n\n\n<p>Au\u00dferdem haben Sie das Recht, unter bestimmten&nbsp;Umst\u00e4nden&nbsp;die&nbsp;Einschr\u00e4nkung&nbsp;der Verarbeitung Ihrer personenbezogenen Daten zu verlangen. Details hierzu entnehmen Sie der&nbsp;Datenschutzerkl\u00e4rung&nbsp;unter \u201eRecht auf&nbsp;Einschr\u00e4nkung&nbsp;der Verarbeitung\u201c.<\/p>\n\n\n\n<p class=\"has-medium-font-size\"><strong>Analyse-Tools und Tools von Drittanbietern<\/strong><\/p>\n\n\n\n<p>Beim Besuch unserer Website kann Ihr Surf-Verhalten statistisch ausgewertet werden. Das geschieht vor allem mit Cookies und mit sogenannten Analyseprogrammen. Die Analyse Ihres Surf-Verhaltens erfolgt in der Regel anonym; das Surf-Verhalten kann nicht zu Ihnen&nbsp;zur\u00fcckverfolgt&nbsp;werden.<\/p>\n\n\n\n<p>Sie&nbsp;k\u00f6nnen&nbsp;dieser Analyse widersprechen oder sie durch die Nichtbenutzung bestimmter Tools verhindern. Detaillierte Informationen zu diesen Tools und&nbsp;\u00fcber&nbsp;Ihre&nbsp;Widerspruchsm\u00f6glichkeiten&nbsp;finden Sie in der folgenden&nbsp;Datenschutzerkl\u00e4rung.<\/p>\n\n\n\n<p style=\"font-size:26px\"><strong>2. Allgemeine Hinweise und Pflichtinformationen<\/strong><\/p>\n\n\n\n<p class=\"has-medium-font-size\"><strong>Datenschutz<\/strong><\/p>\n\n\n\n<p>Die Betreiber dieser Seiten nehmen den Schutz Ihrer&nbsp;pers\u00f6nlichen&nbsp;Daten sehr ernst. Wir behandeln Ihre personenbezogenen Daten vertraulich und entsprechend der gesetzlichen Datenschutzvorschriften sowie dieser&nbsp;Datenschutzerkl\u00e4rung.<\/p>\n\n\n\n<p>Wenn Sie diese Website benutzen, werden verschiedene personenbezogene Daten erhoben. Personenbezogene Daten sind Daten, mit denen Sie&nbsp;pers\u00f6nlich&nbsp;identifiziert werden&nbsp;k\u00f6nnen. Die vorliegende&nbsp;Datenschutzerkl\u00e4rung&nbsp;erl\u00e4utert, welche Daten wir erheben und&nbsp;wof\u00fcr&nbsp;wir sie nutzen. Sie&nbsp;erl\u00e4utert&nbsp;auch, wie und zu welchem Zweck das geschieht.<\/p>\n\n\n\n<p>Wir weisen darauf hin, dass die&nbsp;Daten\u00fcbertragung&nbsp;im Internet (z.B. bei der Kommunikation per E-Mail)&nbsp;Sicherheitsl\u00fccken&nbsp;aufweisen kann. Ein&nbsp;l\u00fcckenloser&nbsp;Schutz der Daten vor dem Zugriff durch Dritte ist nicht&nbsp;m\u00f6glich.<\/p>\n\n\n\n<p class=\"has-medium-font-size\"><strong>Hinweis zur verantwortlichen Stelle<\/strong><\/p>\n\n\n\n<p>Die verantwortliche Stelle&nbsp;f\u00fcr&nbsp;die Datenverarbeitung auf dieser Website ist:<\/p>\n\n\n\n<p>Wolfram&nbsp;K\u00f6hntopp<\/p>\n\n\n\n<p>Altes&nbsp;M\u00fchlenfeld&nbsp;28<\/p>\n\n\n\n<p>38550&nbsp;Isenb\u00fcttel<\/p>\n\n\n\n<p>Telefon: +49 170 3213826<\/p>\n\n\n\n<p>E-Mail: webmaster@koehntopp.net<\/p>\n\n\n\n<p>Verantwortliche Stelle ist die&nbsp;nat\u00fcrliche&nbsp;oder juristische Person, die allein oder gemeinsam mit anderen&nbsp;\u00fcber&nbsp;die Zwecke und Mittel der Verarbeitung von personenbezogenen Daten (z.B. Namen, E-Mail-Adressen o. \u00c4.) entscheidet.<\/p>\n\n\n\n<p class=\"has-medium-font-size\"><strong>Widerruf Ihrer Einwilligung zur Datenverarbeitung<\/strong><\/p>\n\n\n\n<p>Viele&nbsp;Datenverarbeitungsvorg\u00e4nge&nbsp;sind nur mit Ihrer&nbsp;ausdr\u00fccklichen&nbsp;Einwilligung&nbsp;m\u00f6glich. Sie&nbsp;k\u00f6nnen&nbsp;eine bereits erteilte Einwilligung jederzeit widerrufen. Dazu reicht eine formlose Mitteilung per E-Mail an uns. Die&nbsp;Rechtm\u00e4\u00dfigkeit&nbsp;der bis zum Widerruf erfolgten Datenverarbeitung bleibt vom Widerruf&nbsp;unber\u00fchrt.<\/p>\n\n\n\n<p class=\"has-medium-font-size\"><strong>Widerspruchsrecht gegen die Datenerhebung in besonderen&nbsp;F\u00e4llen&nbsp;sowie gegen Direktwerbung (Art. 21 DSGVO)<\/strong><\/p>\n\n\n\n<p><strong>Wenn die Datenverarbeitung auf Grundlage von Art. 6 Abs. 1&nbsp;lit. e oder f DSGVO erfolgt, haben Sie jederzeit das Recht, aus&nbsp;Gr\u00fcnden, die sich aus Ihrer besonderen Situation ergeben, gegen die Verarbeitung Ihrer personenbezogenen Daten Widerspruch einzulegen; dies gilt auch&nbsp;f\u00fcr&nbsp;ein auf diese Bestimmungen&nbsp;gest\u00fctztes&nbsp;Profiling. Die jeweilige Rechtsgrundlage, auf denen eine Verarbeitung beruht, entnehmen Sie dieser&nbsp;Datenschutzerkl\u00e4rung. Wenn Sie Widerspruch einlegen, werden wir Ihre betroffenen personenbezogenen Daten nicht mehr verarbeiten, es sei denn, wir&nbsp;k\u00f6nnenzwingende&nbsp;schutzw\u00fcrdige&nbsp;Gr\u00fcnde&nbsp;f\u00fcr&nbsp;die Verarbeitung nachweisen, die Ihre Interessen, Rechte und Freiheiten&nbsp;\u00fcberwiegen&nbsp;oder die Verarbeitung dient der Geltendmachung,&nbsp;Aus\u00fcbung&nbsp;oder Verteidigung von&nbsp;Rechtsanspr\u00fcchen&nbsp;(Widerspruch nach Art. 21 Abs. 1 DSGVO).<\/strong><\/p>\n\n\n\n<p><strong>Werden Ihre personenbezogenen Daten verarbeitet, um Direktwerbung zu betreiben, so haben Sie das Recht, jederzeit Widerspruch gegen die Verarbeitung Sie betreffender personenbezogener Daten zum Zwecke derartiger Werbung einzulegen; dies gilt auch&nbsp;f\u00fcr&nbsp;das&nbsp;Profiling, soweit es mit solcher Direktwerbung in Verbindung steht. Wenn Sie widersprechen, werden Ihre personenbezogenen Daten anschlie\u00dfend nicht mehr zum Zwecke der Direktwerbung verwendet (Widerspruch nach Art. 21 Abs. 2 DSGVO).<\/strong><\/p>\n\n\n\n<p class=\"has-medium-font-size\"><strong>Beschwerderecht bei der&nbsp;zust\u00e4ndigen&nbsp;Aufsichtsbeh\u00f6rde<\/strong><\/p>\n\n\n\n<p>Im Falle von&nbsp;Verst\u00f6\u00dfen&nbsp;gegen die DSGVO steht den Betroffenen ein Beschwerderecht bei einer&nbsp;Aufsichtsbeh\u00f6rde, insbesondere in dem Mitgliedstaat ihres&nbsp;gew\u00f6hnlichen&nbsp;Aufenthalts, ihres Arbeitsplatzes oder des Orts des mutma\u00dflichen Versto\u00dfes zu. Das Beschwerderecht besteht unbeschadet anderweitiger verwaltungsrechtlicher oder gerichtlicher Rechtsbehelfe.<\/p>\n\n\n\n<p class=\"has-medium-font-size\"><strong>Recht auf&nbsp;Daten\u00fcbertragbarkeit<\/strong><\/p>\n\n\n\n<p>Sie haben das Recht, Daten, die wir auf Grundlage Ihrer Einwilligung oder in&nbsp;Erf\u00fcllung&nbsp;eines Vertrags automatisiert verarbeiten, an sich oder an einen Dritten in einem&nbsp;g\u00e4ngigen, maschinenlesbaren Format&nbsp;aush\u00e4ndigen&nbsp;zu lassen. Sofern Sie die direkte&nbsp;\u00dcbertragung&nbsp;der Daten an einen anderen Verantwortlichen verlangen, erfolgt dies nur, soweit es technisch machbar ist.<\/p>\n\n\n\n<p class=\"has-medium-font-size\"><strong>SSL- bzw.&nbsp;TLS-Verschl\u00fcsselung<\/strong><\/p>\n\n\n\n<p>Diese Seite nutzt aus&nbsp;Sicherheitsgr\u00fcnden&nbsp;und zum Schutz der&nbsp;\u00dcbertragung&nbsp;vertraulicher Inhalte, wie zum Beispiel Bestellungen oder Anfragen, die Sie an uns als Seitenbetreiber senden, eine SSL-bzw. TLS-&nbsp;Verschl\u00fcsselung. Eine&nbsp;verschl\u00fcsselte&nbsp;Verbindung erkennen Sie daran, dass die Adresszeile des Browsers von \u201chttp:\/\/\u201d auf \u201chttps:\/\/\u201d wechselt und an dem Schloss-Symbol in Ihrer Browserzeile.<\/p>\n\n\n\n<p>Wenn die SSL- bzw.&nbsp;TLS-Verschl\u00fcsselung&nbsp;aktiviert ist,&nbsp;k\u00f6nnen&nbsp;die Daten, die Sie an uns&nbsp;\u00fcbermitteln, nicht von Dritten mitgelesen werden.<\/p>\n\n\n\n<p class=\"has-medium-font-size\"><strong>Auskunft, Sperrung,&nbsp;L\u00f6schung&nbsp;und Berichtigung<\/strong><\/p>\n\n\n\n<p>Sie haben im Rahmen der geltenden gesetzlichen Bestimmungen jederzeit das Recht auf unentgeltliche Auskunft&nbsp;\u00fcber&nbsp;Ihre gespeicherten personenbezogenen Daten, deren Herkunft und&nbsp;Empf\u00e4nger&nbsp;und den Zweck der Datenverarbeitung und ggf. ein Recht auf Berichtigung, Sperrung oder&nbsp;L\u00f6schung&nbsp;dieser Daten. Hierzu sowie zu weiteren Fragen zum Thema personenbezogene Daten&nbsp;k\u00f6nnen&nbsp;Sie sich jederzeit unter der im Impressum angegebenen Adresse an uns wenden.<\/p>\n\n\n\n<p class=\"has-medium-font-size\"><strong>Recht auf&nbsp;Einschr\u00e4nkung&nbsp;der Verarbeitung<\/strong><\/p>\n\n\n\n<p>Sie haben das Recht, die&nbsp;Einschr\u00e4nkung&nbsp;der Verarbeitung Ihrer personenbezogenen Daten zu verlangen. Hierzu&nbsp;k\u00f6nnen&nbsp;Sie sich jederzeit unter der im Impressum angegebenen Adresse an uns wenden. Das Recht auf&nbsp;Einschr\u00e4nkung&nbsp;der Verarbeitung besteht in folgenden&nbsp;F\u00e4llen:<\/p>\n\n\n\n<p>Wenn Sie die Richtigkeit Ihrer bei uns gespeicherten personenbezogenen Daten bestreiten,&nbsp;ben\u00f6tigen&nbsp;wir in der Regel Zeit, um dies zu&nbsp;\u00fcberpr\u00fcfen.&nbsp;F\u00fcr&nbsp;die Dauer der&nbsp;Pr\u00fcfung&nbsp;haben Sie das Recht, die&nbsp;Einschr\u00e4nkung&nbsp;der Verarbeitung Ihrer personenbezogenen Daten zu verlangen.<br>Wenn die Verarbeitung Ihrer personenbezogenen Daten&nbsp;unrechtm\u00e4\u00dfig&nbsp;geschah \/ geschieht,&nbsp;k\u00f6nnen&nbsp;Sie statt der&nbsp;L\u00f6schung&nbsp;die&nbsp;Einschr\u00e4nkung&nbsp;der Datenverarbeitung verlangen.<\/p>\n\n\n\n<p>Wenn wir Ihre personenbezogenen Daten nicht mehr&nbsp;ben\u00f6tigen, Sie sie jedoch zur&nbsp;Aus\u00fcbung, Verteidigung oder Geltendmachung von&nbsp;Rechtsanspr\u00fcchen&nbsp;ben\u00f6tigen, haben Sie das Recht, statt der&nbsp;L\u00f6schung&nbsp;die&nbsp;Einschr\u00e4nkung&nbsp;der Verarbeitung Ihrer personenbezogenen Daten zu verlangen.<br>Wenn Sie einen Widerspruch nach Art. 21 Abs. 1 DSGVO eingelegt haben, muss eine&nbsp;Abw\u00e4gung&nbsp;zwischen Ihren und unseren Interessen vorgenommen werden. Solange noch nicht feststeht, wessen Interessen&nbsp;\u00fcberwiegen, haben Sie das Recht, die&nbsp;Einschr\u00e4nkung&nbsp;der Verarbeitung Ihrer personenbezogenen Daten zu verlangen.<\/p>\n\n\n\n<p>Wenn Sie die Verarbeitung Ihrer personenbezogenen Daten&nbsp;eingeschr\u00e4nkt&nbsp;haben,&nbsp;d\u00fcrfen&nbsp;diese Daten \u2013 von&nbsp;ihrer Speicherung abgesehen \u2013 nur mit Ihrer Einwilligung oder zur Geltendmachung, Aus\u00fcbung oder Verteidigung von Rechtsanspr\u00fcchen oder zum Schutz der Rechte einer anderen nat\u00fcrlichen oder juristischen Person oder aus Gr\u00fcnden eines wichtigen \u00f6ffentlichen&nbsp;Interesses der&nbsp;Europ\u00e4ischen&nbsp;Union oder eines Mitgliedstaats verarbeitet werden.<\/p>\n\n\n\n<p class=\"has-medium-font-size\"><strong>Widerspruch gegen Werbe-E-Mails<\/strong><\/p>\n\n\n\n<p>Der Nutzung von im Rahmen der Impressumspflicht&nbsp;ver\u00f6ffentlichten&nbsp;Kontaktdaten zur&nbsp;\u00dcbersendung&nbsp;von nicht&nbsp;ausdr\u00fccklich&nbsp;angeforderter Werbung und Informationsmaterialien wird hiermit widersprochen. Die Betreiber der Seiten behalten sich&nbsp;ausdr\u00fccklich&nbsp;rechtliche Schritte im Falle der unverlangten Zusendung von Werbeinformationen, etwa durch Spam-E-Mails, vor.<\/p>\n\n\n\n<p style=\"font-size:26px\"><strong>3. Datenerfassung auf unserer Website&nbsp;<\/strong><\/p>\n\n\n\n<p class=\"has-medium-font-size\"><strong>Cookies<\/strong><\/p>\n\n\n\n<p>Die Internetseiten verwenden teilweise so genannte Cookies. Cookies richten auf Ihrem Rechner keinen Schaden an und enthalten keine Viren. Cookies dienen dazu, unser Angebot nutzerfreundlicher, effektiver und sicherer zu machen. Cookies sind kleine Textdateien, die auf Ihrem Rechner abgelegt werden und die Ihr Browser speichert.<\/p>\n\n\n\n<p>Die meisten der von uns verwendeten Cookies sind so genannte \u201cSession-Cookies\u201d. Sie werden nach Ende Ihres Besuchs automatisch&nbsp;gel\u00f6scht. Andere Cookies bleiben auf Ihrem&nbsp;Endger\u00e4t&nbsp;gespeichert bis Sie diese&nbsp;l\u00f6schen. Diese Cookies&nbsp;erm\u00f6glichen&nbsp;es uns, Ihren Browser beim&nbsp;n\u00e4chsten&nbsp;Besuch wiederzuerkennen.<\/p>\n\n\n\n<p>Sie&nbsp;k\u00f6nnen&nbsp;Ihren Browser so einstellen, dass Sie&nbsp;\u00fcber&nbsp;das Setzen von Cookies informiert werden und Cookies nur im Einzelfall erlauben, die Annahme von Cookies&nbsp;f\u00fcr&nbsp;bestimmte&nbsp;F\u00e4lle&nbsp;oder generell ausschlie\u00dfen sowie das automatische&nbsp;L\u00f6schen&nbsp;der Cookies beim Schlie\u00dfen&nbsp;des Browser&nbsp;aktivieren. Bei der Deaktivierung von Cookies kann die&nbsp;Funktionalit\u00e4t&nbsp;dieser Website&nbsp;eingeschr\u00e4nkt&nbsp;sein.<\/p>\n\n\n\n<p>Cookies, die zur&nbsp;Durchf\u00fchrung&nbsp;des elektronischen Kommunikationsvorgangs oder zur Bereitstellung bestimmter, von Ihnen&nbsp;erw\u00fcnschter&nbsp;Funktionen (z.B. Warenkorbfunktion) erforderlich sind, werden auf Grundlage von Art. 6 Abs. 1&nbsp;lit. f DSGVO gespeichert. Der Websitebetreiber hat ein berechtigtes Interesse an der Speicherung von Cookies zur technisch fehlerfreien und optimierten Bereitstellung seiner Dienste. Soweit andere Cookies (z.B. Cookies zur Analyse Ihres Surfverhaltens) gespeichert werden, werden diese in dieser&nbsp;Datenschutzerkl\u00e4rung&nbsp;gesondert behandelt.<\/p>\n\n\n\n<p class=\"has-medium-font-size\"><strong>Server-Log-Dateien<\/strong><\/p>\n\n\n\n<p>Der Provider der Seiten erhebt und speichert automatisch Informationen in so genannten Server-Log- Dateien, die Ihr Browser automatisch an uns&nbsp;\u00fcbermittelt. Dies sind:<\/p>\n\n\n\n<p>Browsertyp und Browserversion verwendetes Betriebssystem&nbsp;Referrer&nbsp;URL<br>Hostname des zugreifenden Rechners Uhrzeit der Serveranfrage IP-Adresse<\/p>\n\n\n\n<p>Eine&nbsp;Zusammenf\u00fchrung&nbsp;dieser Daten mit anderen Datenquellen wird nicht vorgenommen.<\/p>\n\n\n\n<p>Die Erfassung dieser Daten erfolgt auf Grundlage von Art. 6 Abs. 1&nbsp;lit. f DSGVO. Der Websitebetreiber hat ein berechtigtes Interesse an der technisch fehlerfreien Darstellung und der Optimierung seiner Website \u2013 hierzu&nbsp;m\u00fcssen&nbsp;die Server-Log-Files erfasst werden.<\/p>\n\n\n\n<p class=\"has-medium-font-size\"><strong>Anfrage per E-Mail, Telefon oder Telefax<\/strong><\/p>\n\n\n\n<p>Wenn Sie uns per E-Mail, Telefon oder Telefax kontaktieren, wird Ihre Anfrage inklusive aller daraus hervorgehenden personenbezogenen Daten (Name, Anfrage) zum Zwecke der Bearbeitung Ihres Anliegens bei uns gespeichert und verarbeitet. Diese Daten geben wir nicht ohne Ihre Einwilligung weiter.<\/p>\n\n\n\n<p>Die Verarbeitung dieser Daten erfolgt auf Grundlage von Art. 6 Abs. 1&nbsp;lit. b DSGVO, sofern Ihre Anfrage mit der&nbsp;Erf\u00fcllung&nbsp;eines Vertrags&nbsp;zusammenh\u00e4ngt&nbsp;oder zur&nbsp;Durchf\u00fchrung&nbsp;vorvertraglicher Ma\u00dfnahmen erforderlich ist. In allen&nbsp;\u00fcbrigen&nbsp;F\u00e4llen&nbsp;beruht die Verarbeitung auf Ihrer Einwilligung (Art. 6 Abs. 1&nbsp;lit. a DSGVO) und \/ oder auf unseren berechtigten Interessen (Art. 6 Abs. 1&nbsp;lit. f DSGVO), da wir ein berechtigtes Interesse an der effektiven Bearbeitung der an uns gerichteten Anfragen haben.<\/p>\n\n\n\n<p>Die von Ihnen an uns per Kontaktanfragen&nbsp;\u00fcbersandten&nbsp;Daten verbleiben bei uns, bis Sie uns zur&nbsp;L\u00f6schung&nbsp;auffordern, Ihre Einwilligung zur Speicherung widerrufen oder der Zweck&nbsp;f\u00fcr&nbsp;die Datenspeicherung&nbsp;entf\u00e4llt&nbsp;(z. B. nach abgeschlossener Bearbeitung Ihres Anliegens). Zwingende gesetzliche Bestimmungen \u2013 insbesondere gesetzliche Aufbewahrungsfristen \u2013 bleiben&nbsp;unber\u00fchrt.<\/p>\n\n\n\n<p class=\"has-medium-font-size\"><strong>Kommentarfunktion auf dieser Website<\/strong><\/p>\n\n\n\n<p>F\u00fcr&nbsp;die Kommentarfunktion auf dieser Seite werden neben Ihrem Kommentar auch Angaben zum Zeitpunkt der Erstellung des Kommentars, Ihre E-Mail-Adresse und, wenn Sie nicht anonym posten, der von Ihnen&nbsp;gew\u00e4hlte&nbsp;Nutzername gespeichert.<\/p>\n\n\n\n<p class=\"has-medium-font-size\"><strong>Speicherung der IP-Adresse<\/strong><\/p>\n\n\n\n<p>Unsere Kommentarfunktion speichert die IP-Adressen der Nutzer, die Kommentare verfassen. Da wir Kommentare auf unserer Seite nicht vor der Freischaltung&nbsp;pr\u00fcfen,&nbsp;ben\u00f6tigen&nbsp;wir diese Daten, um im Falle von Rechtsverletzungen wie Beleidigungen oder Propaganda gegen den Verfasser vorgehen zu&nbsp;k\u00f6nnen.<\/p>\n\n\n\n<p class=\"has-medium-font-size\"><strong>Speicherdauer der Kommentare<\/strong><\/p>\n\n\n\n<p>Die Kommentare und die damit verbundenen Daten (z.B. IP-Adresse) werden gespeichert und verbleiben auf unserer Website, bis der kommentierte Inhalt&nbsp;vollst\u00e4ndig&nbsp;gel\u00f6scht&nbsp;wurde oder die Kommentare aus rechtlichen&nbsp;Gr\u00fcnden&nbsp;gel\u00f6scht&nbsp;werden&nbsp;m\u00fcssen&nbsp;(z.B. beleidigende Kommentare).<\/p>\n\n\n\n<p class=\"has-medium-font-size\"><strong>Rechtsgrundlage<\/strong><\/p>\n\n\n\n<p>Die Speicherung der Kommentare erfolgt auf Grundlage Ihrer Einwilligung (Art. 6 Abs. 1&nbsp;lit. a DSGVO). Sie&nbsp;k\u00f6nnen&nbsp;eine von Ihnen erteilte Einwilligung jederzeit widerrufen. Dazu reicht eine formlose Mitteilung per E- Mail an uns. Die&nbsp;Rechtm\u00e4\u00dfigkeit&nbsp;der bereits erfolgten&nbsp;Datenverarbeitungsvorg\u00e4nge&nbsp;bleibt vom Widerruf&nbsp;unber\u00fchrt.<\/p>\n\n\n\n<p style=\"font-size:26px\"><strong>4.&nbsp;Plugins&nbsp;und Tools&nbsp;<\/strong><\/p>\n\n\n\n<p class=\"has-medium-font-size\"><strong>Google&nbsp;Maps&nbsp;(mit Einwilligung)<\/strong><\/p>\n\n\n\n<p>Diese Seite nutzt&nbsp;\u00fcber&nbsp;eine API den Kartendienst Google&nbsp;Maps.&nbsp;Anbieterin&nbsp;ist&nbsp;die Google Ireland Limited (\u201cGoogle\u201d), Gordon House, Barrow Street, Dublin 4,&nbsp;Irland.<\/p>\n\n\n\n<p>Um den Datenschutz auf unserer Website zu&nbsp;gew\u00e4hrleisten, ist Google&nbsp;Maps&nbsp;deaktiviert, wenn Sie unsere Website das erste Mal betreten. Eine direkte Verbindung zu den Servern von Google wird erst hergestellt, wenn Sie Google&nbsp;Maps&nbsp;selbstst\u00e4ndig&nbsp;aktivieren (Einwilligung nach Art. 6 Abs. 1&nbsp;lit. a DSGVO). Auf diese Weise wird verhindert, dass Ihre Daten schon beim ersten Betreten der Seite an Google&nbsp;\u00fcbertragen&nbsp;werden.<\/p>\n\n\n\n<p>Nach der Aktivierung wird Google&nbsp;Maps&nbsp;Ihre IP-Adresse speichern. Diese wird anschlie\u00dfend in der Regel an einen Server von Google in den USA&nbsp;\u00fcbertragen&nbsp;und dort gespeichert. Der Anbieter dieser Seite hat nach der Aktivierung von Google&nbsp;Maps&nbsp;keinen Einfluss auf diese&nbsp;Daten\u00fcbertragung.<\/p>\n\n\n\n<p>Mehr Informationen zum Umgang mit Nutzerdaten finden Sie in der&nbsp;Datenschutzerkl\u00e4rung&nbsp;von Google:&nbsp;https:\/\/www.google.de\/intl\/de\/policies\/privacy\/.<\/p>\n","protected":false},"excerpt":{"rendered":"<p>1. Datenschutz auf einen Blick&nbsp; Allgemeine Hinweise Die folgenden Hinweise geben einen einfachen&nbsp;\u00dcberblick&nbsp;dar\u00fcber, was mit Ihren personenbezogenen Daten passiert, wenn Sie unsere Website besuchen. Personenbezogene Daten sind alle Daten, mit denen Sie&nbsp;pers\u00f6nlich&nbsp;identifiziert werden&nbsp;k\u00f6nnen.&nbsp;Ausf\u00fchrliche&nbsp;Informationen zum Thema Datenschutz entnehmen Sie unserer unter diesem Text&nbsp;aufgef\u00fchrten&nbsp;Datenschutzerkl\u00e4rung. Datenerfassung auf unserer Website Wer ist verantwortlich&nbsp;f\u00fcr&nbsp;die Datenerfassung auf dieser Website? Die Datenverarbeitung [&hellip;]<\/p>\n","protected":false},"author":1,"featured_media":0,"parent":0,"menu_order":9,"comment_status":"closed","ping_status":"closed","template":"","meta":{"jetpack_post_was_ever_published":false,"footnotes":""},"class_list":["post-132","page","type-page","status-publish","hentry"],"jetpack_sharing_enabled":true,"_links":{"self":[{"href":"https:\/\/koehntopp.net\/index.php?rest_route=\/wp\/v2\/pages\/132","targetHints":{"allow":["GET"]}}],"collection":[{"href":"https:\/\/koehntopp.net\/index.php?rest_route=\/wp\/v2\/pages"}],"about":[{"href":"https:\/\/koehntopp.net\/index.php?rest_route=\/wp\/v2\/types\/page"}],"author":[{"embeddable":true,"href":"https:\/\/koehntopp.net\/index.php?rest_route=\/wp\/v2\/users\/1"}],"replies":[{"embeddable":true,"href":"https:\/\/koehntopp.net\/index.php?rest_route=%2Fwp%2Fv2%2Fcomments&post=132"}],"version-history":[{"count":4,"href":"https:\/\/koehntopp.net\/index.php?rest_route=\/wp\/v2\/pages\/132\/revisions"}],"predecessor-version":[{"id":350,"href":"https:\/\/koehntopp.net\/index.php?rest_route=\/wp\/v2\/pages\/132\/revisions\/350"}],"wp:attachment":[{"href":"https:\/\/koehntopp.net\/index.php?rest_route=%2Fwp%2Fv2%2Fmedia&parent=132"}],"curies":[{"name":"wp","href":"https:\/\/api.w.org\/{rel}","templated":true}]}}